{"id":6,"date":"2026-01-15T02:52:37","date_gmt":"2026-01-15T02:52:37","guid":{"rendered":"http:\/\/mysite.local\/?page_id=6"},"modified":"2026-01-15T02:52:37","modified_gmt":"2026-01-15T02:52:37","slug":"%e5%b1%80%e5%9f%9f%e7%bd%91%e4%bc%a0%e8%be%93","status":"publish","type":"page","link":"https:\/\/localsend.cc\/hu\/","title":{"rendered":"\u5c40\u57df\u7f51\u4f20\u8f93"},"content":{"rendered":"<div id=\"localsend-app\" class=\"localsend-container\">\n            <div class=\"localsend-header\">\n                <div class=\"device-info-main\">\n                    <span class=\"device-status\" id=\"device-status\">\u25cf<\/span>\n                    <span class=\"device-name\" id=\"device-name\">Ez a k\u00e9sz\u00fcl\u00e9k<\/span>\n                    <span class=\"connection-type\" id=\"connection-type\"><\/span>\n                <\/div>\n            <\/div>\n\n            <!-- Send Files Tab -->\n            <div id=\"send-tab\" class=\"tab-content active\">\n                <input type=\"file\" id=\"file-input\" multiple style=\"display: none;\">\n\n                <!-- Allow Receiving Files Toggle -->\n                <div class=\"device-discovery\">\n                    <div class=\"discovery-header\">\n                        <h3>V\u00e1lasszon ki egy eszk\u00f6zt az al\u00e1bbiakban a megoszt\u00e1s megkezd\u00e9s\u00e9hez<\/h3>\n                        <div class=\"receive-toggle-container\">\n                            <label class=\"receive-toggle-label\">\n                                <input type=\"checkbox\" id=\"enable-receive\" checked>\n                                <span>F\u00e1jlok fogad\u00e1s\u00e1nak enged\u00e9lyez\u00e9se<\/span>\n                            <\/label>\n                        <\/div>\n                    <\/div>\n                    \n                    <div id=\"devices-list\" class=\"devices-list\"><\/div>\n                <\/div>\n\n                <div id=\"send-progress\" class=\"progress-container\" style=\"display: none;\">\n                    <div class=\"progress-bar\">\n                        <div class=\"progress-fill\" id=\"send-progress-fill\"><\/div>\n                    <\/div>\n                    <div class=\"progress-text\" id=\"send-progress-text\">0%<\/div>\n                <\/div>\n            <\/div>\n\n            <!-- Incoming Transfer Section -->\n            <div id=\"incoming-transfer\" class=\"incoming-transfer\" style=\"display: none;\">\n                <h3>Bej\u00f6v\u0151 f\u00e1jlok<\/h3>\n                <div id=\"incoming-files-list\" class=\"files-list\"><\/div>\n                <div class=\"incoming-actions\">\n                    <button id=\"accept-transfer-btn\" class=\"btn btn-primary\">Elfogadom<\/button>\n                    <button id=\"reject-transfer-btn\" class=\"btn btn-secondary\">Hanyatl\u00e1s<\/button>\n                <\/div>\n            <\/div>\n\n            <div id=\"receive-progress\" class=\"progress-container\" style=\"display: none;\">\n                <div class=\"progress-bar\">\n                    <div class=\"progress-fill\" id=\"receive-progress-fill\"><\/div>\n                <\/div>\n                <div class=\"progress-text\" id=\"receive-progress-text\">0%<\/div>\n            <\/div>\n\n            <div id=\"received-files\" class=\"received-files\" style=\"display: none;\">\n                <h3>Fogadott f\u00e1jlok<\/h3>\n                <div id=\"received-files-list\" class=\"files-list\"><\/div>\n            <\/div>\n            \n            <div id=\"receive-status\" class=\"receive-status\" style=\"display: none;\">V\u00e1rjuk a kapcsolatot...<\/div>\n\n            <!-- Recent Transfers Section -->\n            <div id=\"recent-transfers\" class=\"recent-uploads\">\n                <div class=\"recent-uploads-header\">\n                    <h3>Legut\u00f3bbi \u00e1tutal\u00e1sok<\/h3>\n                    <div class=\"recent-uploads-controls\">\n                        <select id=\"recent-transfers-limit\" class=\"recent-uploads-select\">\n                            <option value=\"10\">Mutasd 10<\/option>\n                            <option value=\"20\">Mutasd 20<\/option>\n                            <option value=\"50\">Mutasd 50<\/option>\n                        <\/select>\n                        <button id=\"clear-recent-transfers-btn\" class=\"btn-danger\">Tiszta<\/button>\n                    <\/div>\n                <\/div>\n                <div class=\"recent-uploads-table-container\">\n                    <table class=\"recent-uploads-table recent-transfers-table\">\n                        <thead>\n                            <tr>\n                                <th>Ir\u00e1ny<\/th>\n                                <th>F\u00e1jln\u00e9v<\/th>\n                                <th>D\u00e1tum<\/th>\n                                <th>M\u00e9ret<\/th>\n                                <th>Sebess\u00e9g<\/th>\n                                <th>\u00c1llapot<\/th>\n                            <\/tr>\n                        <\/thead>\n                        <tbody id=\"recent-transfers-tbody\">\n                            <!-- Populated by JS -->\n                            <tr class=\"recent-transfers-empty\">\n                                <td colspan=\"6\">Nemr\u00e9giben t\u00f6rt\u00e9nt \u00e1tutal\u00e1sok<\/td>\n                            <\/tr>\n                        <\/tbody>\n                    <\/table>\n                <\/div>\n            <\/div>\n        <\/div>\n        \n\n\n\n<p><\/p>","protected":false},"excerpt":{"rendered":"","protected":false},"author":1,"featured_media":0,"parent":0,"menu_order":0,"comment_status":"closed","ping_status":"closed","template":"","meta":{"footnotes":""},"class_list":["post-6","page","type-page","status-publish","hentry"],"_links":{"self":[{"href":"https:\/\/localsend.cc\/hu\/wp-json\/wp\/v2\/pages\/6","targetHints":{"allow":["GET"]}}],"collection":[{"href":"https:\/\/localsend.cc\/hu\/wp-json\/wp\/v2\/pages"}],"about":[{"href":"https:\/\/localsend.cc\/hu\/wp-json\/wp\/v2\/types\/page"}],"author":[{"embeddable":true,"href":"https:\/\/localsend.cc\/hu\/wp-json\/wp\/v2\/users\/1"}],"replies":[{"embeddable":true,"href":"https:\/\/localsend.cc\/hu\/wp-json\/wp\/v2\/comments?post=6"}],"version-history":[{"count":2,"href":"https:\/\/localsend.cc\/hu\/wp-json\/wp\/v2\/pages\/6\/revisions"}],"predecessor-version":[{"id":9,"href":"https:\/\/localsend.cc\/hu\/wp-json\/wp\/v2\/pages\/6\/revisions\/9"}],"wp:attachment":[{"href":"https:\/\/localsend.cc\/hu\/wp-json\/wp\/v2\/media?parent=6"}],"curies":[{"name":"wp","href":"https:\/\/api.w.org\/{rel}","templated":true}]}}